{"id":3,"date":"2020-08-20T08:44:54","date_gmt":"2020-08-20T06:44:54","guid":{"rendered":"https:\/\/sportsko-ribolovni-savez-vsz.hr\/?page_id=3"},"modified":"2024-02-09T01:21:19","modified_gmt":"2024-02-09T00:21:19","slug":"pravila-privatnosti","status":"publish","type":"page","link":"https:\/\/sportsko-ribolovni-savez-vsz.hr\/?page_id=3","title":{"rendered":"Pravila privatnosti"},"content":{"rendered":"\r\n<p>\u0160portsko ribolovni savez Vukovarsko-srijemske \u017eupanije obvezuje se za\u0161tititi osobne podatke korisnika. Prikupljamo samo osnovne podatke korisnika koji su nu\u017eni za ispunjenje na\u0161ih obaveza. Svi se osobni podaci korisnika strogo \u010duvaju, dostupni su samo djelatnicima kojima su ti podaci nu\u017eni za obavljanje posla.<\/p>\r\n<h2 class=\"wp-block-heading\">Prikupljanje i kori\u0161tenje informacija<\/h2>\r\n<p>\u0160portsko ribolovni savez Vukovarsko-srijemske \u017eupanije cijeni i \u0161titi va\u0161u privatnost. U procesu davanje obavijesti i informacija vezanih uz udrugu, koristit \u0107emo isklju\u010divo informacije koje pristanete dati. Obvezujemo se da va\u0161e osobne informacije ne\u0107emo prodati, iznijeti ili dati tre\u0107oj osobi na na\u010din koji nije naveden u ovom programu.<\/p>\r\n<h2>Log datoteke<\/h2>\r\n<p>Koristimo IP adrese kako bismo analizirali trendove, pratili kretanje korisnika, odr\u017eavali web stranice i skupili \u0161ire demografske podatke. IP adrese nisu vezane uz osobne podatke pomo\u0107u kojih je mogu\u0107a identifikacija pojedinca.<\/p>\r\n<h2>Linkovi<\/h2>\r\n<p>Na\u0161a web stranica mo\u017ee sadr\u017eavati linkove na druge web stranice. \u0160portsko ribolovni savez Vukovarsko-srijemske \u017eupanije ne mo\u017ee biti odgovoran za po\u0161tivanje privatnosti na drugim web stranicama. Poti\u010demo korisnike da pro\u010ditaju izjave o privatnosti svake web stranice koja prikuplja i koristi njihove osobne podatke. Ova izjava o privatnosti primjenjiva je isklju\u010divo na informacije koje su prikupljene na ovoj web stranici.<\/p>\r\n<h2>Sigurnost<\/h2>\r\n<p>Poduzimamo sve potrebne mjere kako bi na na\u0161im stranicama korisni\u010dki podaci bili za\u0161ti\u0107eni. Povjerljivi podaci za\u0161ti\u0107eni su i online i offline. Ako na\u0161i formulari zahtijevaju povjerljive podatke, ti su podaci \u0161ifrirani i za\u0161ti\u0107eni sigurnosnim protokolom (SSL). Internetski pretra\u017eiva\u010di (browseri) poput Internet Explorera, Google Chromea ili Firefoxa ikonom lokota ozna\u010davaju za\u0161ti\u0107enost stranica. Ukoliko je lokot na ikoni zatvoren, nalazite se na za\u0161ti\u0107enoj stranici. Koristimo SSL \u0161ifriranje kako bismo za\u0161titili korisni\u010dke podatke na internetu te \u010dinimo sve \u0161to je u na\u0161oj mogu\u0107nosti kako bismo podatke za\u0161titili i offline. Pristup svim podacima o na\u0161im korisnicima je ograni\u010den. Pristup povjerljivim podacima imaju samo zaposlenici kojima su ti podaci potrebni kako bi obavili odre\u0111ene usluge. Za sva dodatna pitanja o sigurnosti na na\u0161im web stranicama mo\u017eete poslati e-mail na: ribolovnisavez.vk@gmail.com<\/p>\r\n<h2>Ispravak\/A\u017euriranje osobnih podataka<\/h2>\r\n<p>Ispitanik ima sljede\u0107a prava:<br \/>\u2022 pravo na ispravak<br \/>\u2022 pravo na brisanje\/zaborav<br \/>\u2022 pravo na ograni\u010denje obrade<br \/>\u2022 pravo na prenosivost podataka<br \/>\u2022 pravo na pristup<br \/>\u2022 pravo na prigovor.<\/p>\r\n<h2>Obavijesti o promjenama<\/h2>\r\n<p>Ako odlu\u010dimo promijeniti na\u0161a pravila o po\u0161tovanju privatnosti, obavijest o tome objavit \u0107emo na naslovnici na\u0161ih web stranica. Korisnici \u0107e uvijek biti upoznati s podacima koje prikupljamo, s na\u010dinima na koji koristimo prikupljene podatke te pod kojim uvjetima eventualno otkrivamo osobne podatke. Ako u bilo kojem trenutku osobne podatke korisnika odlu\u010dimo iskoristiti na druk\u010diji na\u010din od navedenog u vrijeme kad su oni dobiveni, korisnicima \u0107emo poslati e-mail. Korisnicima \u0107e biti omogu\u0107eno da odobre ili odbiju kori\u0161tenje podataka na novi na\u010din. Podatke \u0107emo koristiti u skladu s pravilima o privatnosti va\u017ee\u0107ima u vrijeme prikupljanja podataka korisnika.<\/p>\r\n<h2>Pravila o postupanju s kola\u010di\u0107ima<\/h2>\r\n<p>Kola\u010di\u0107 (cookie) je podatak koji web stranica pohranjuje u ra\u010dunalo ili mobilni ure\u0111aj posjetitelja. Kola\u010di\u0107 dozvoljava web stranici da pamti akcije posjetitelja iz njegovih posjeta. Ve\u0107ina preglednika dozvoljava upotrebu kola\u010di\u0107a, ali korisnik u svakom trenutku mo\u017ee kola\u010di\u0107e obrisati ili postaviti u pregledniku zabranu upotrebe kola\u010di\u0107a. Naj\u010de\u0161\u0107e razlozi upotrebe kola\u010di\u0107a su identifikacija korisnika, pam\u0107enje preferencija korisnika, pomo\u0107 pri unosu ili pregledu sadr\u017eaja koji je ve\u0107 unesen u prija\u0161njim posjetima, skupljanje podataka za analize i promotivne kampanje. Prilikom uporabe kola\u010di\u0107a odre\u0111eni podaci se prikupljaju automatski s va\u0161eg ra\u010dunala pri dolasku na na\u0161e stranice. Ti podaci mogu uklju\u010divati i IP adresu, datum i vrijeme pristupe, podatke o vrsti ra\u010dunala, operativnog sustava, pretra\u017eiva\u010du koji koristite, verzijama programa kao i jezi\u010dnim postavkama va\u0161eg ra\u010dunala. Pristupom na samu stranicu vidjet \u0107ete obavijest o kori\u0161tenju kola\u010di\u0107a koji prikupljaju ove podatke te pritiskom na polje \u201esla\u017eem se\u201c dajete nam privolu za prikupljanje tih podataka. Ukoliko na stranicama ne date privolu ti podaci ne\u0107e biti prikupljani, pohranjeni i obra\u0111ivani. Kola\u010di\u0107i se pohranjuju na ra\u010dunalu i bri\u0161u se odmah nakon zatvaranja preglednika a omogu\u0107uju stranici prikupljanje privremenih podataka poput ko\u0161arice za kupnju. U postavkama pretra\u017eiva\u010da mo\u017eete odrediti da li kola\u010di\u0107e \u017eelite prihvatiti ili odbiti. Mjesto ure\u0111ivanja postavki ovise o vrsti pretra\u017eiva\u010da, a mo\u017ee se na\u0107i prilikom pretra\u017eivanja help ili pomo\u0107 datoteke. Ukoliko odlu\u010dite da ne \u017eelite prihva\u0107ati kola\u010di\u0107e sa sportsko-ribolovni-savez-vsz.hr web stranice postoji mogu\u0107nost da ne\u0107ete mo\u0107i koristiti odre\u0111ene funkcije na web stranici.<\/p>\r\n","protected":false},"excerpt":{"rendered":"<p>\u0160portsko ribolovni savez Vukovarsko-srijemske \u017eupanije obvezuje se za\u0161tititi osobne podatke korisnika. Prikupljamo samo osnovne podatke korisnika koji su nu\u017eni za ispunjenje na\u0161ih obaveza. Svi se osobni podaci korisnika strogo \u010duvaju, dostupni su samo djelatnicima kojima su ti podaci nu\u017eni za obavljanje posla. Prikupljanje i kori\u0161tenje informacija \u0160portsko ribolovni savez Vukovarsko-srijemske \u017eupanije cijeni i \u0161titi va\u0161u [&hellip;]<\/p>\n","protected":false},"author":1,"featured_media":0,"parent":0,"menu_order":0,"comment_status":"closed","ping_status":"open","template":"","meta":{"_et_pb_use_builder":"","_et_pb_old_content":"","_et_gb_content_width":""},"_links":{"self":[{"href":"https:\/\/sportsko-ribolovni-savez-vsz.hr\/index.php?rest_route=\/wp\/v2\/pages\/3"}],"collection":[{"href":"https:\/\/sportsko-ribolovni-savez-vsz.hr\/index.php?rest_route=\/wp\/v2\/pages"}],"about":[{"href":"https:\/\/sportsko-ribolovni-savez-vsz.hr\/index.php?rest_route=\/wp\/v2\/types\/page"}],"author":[{"embeddable":true,"href":"https:\/\/sportsko-ribolovni-savez-vsz.hr\/index.php?rest_route=\/wp\/v2\/users\/1"}],"replies":[{"embeddable":true,"href":"https:\/\/sportsko-ribolovni-savez-vsz.hr\/index.php?rest_route=%2Fwp%2Fv2%2Fcomments&post=3"}],"version-history":[{"count":2,"href":"https:\/\/sportsko-ribolovni-savez-vsz.hr\/index.php?rest_route=\/wp\/v2\/pages\/3\/revisions"}],"predecessor-version":[{"id":1338,"href":"https:\/\/sportsko-ribolovni-savez-vsz.hr\/index.php?rest_route=\/wp\/v2\/pages\/3\/revisions\/1338"}],"wp:attachment":[{"href":"https:\/\/sportsko-ribolovni-savez-vsz.hr\/index.php?rest_route=%2Fwp%2Fv2%2Fmedia&parent=3"}],"curies":[{"name":"wp","href":"https:\/\/api.w.org\/{rel}","templated":true}]}}