{"id":8,"date":"2020-08-20T08:57:44","date_gmt":"2020-08-20T06:57:44","guid":{"rendered":"https:\/\/sportsko-ribolovni-savez-vsz.hr\/?page_id=8"},"modified":"2025-08-26T17:27:36","modified_gmt":"2025-08-26T15:27:36","slug":"naslovnica","status":"publish","type":"page","link":"https:\/\/sportsko-ribolovni-savez-vsz.hr\/","title":{"rendered":"Naslovnica"},"content":{"rendered":"<p>[et_pb_section fb_built=&#8221;1&#8243; fullwidth=&#8221;on&#8221; next_background_color=&#8221;#f5f5f5&#8243; _builder_version=&#8221;4.5.7&#8243; background_color=&#8221;rgba(0,0,0,0)&#8221; bottom_divider_style=&#8221;slant&#8221; bottom_divider_flip=&#8221;horizontal&#8221;][et_pb_fullwidth_slider dot_nav_custom_color=&#8221;rgba(0,0,0,0)&#8221; _builder_version=&#8221;4.5.7&#8243; _module_preset=&#8221;default&#8221; background_color=&#8221;rgba(0,0,0,0)&#8221; auto=&#8221;on&#8221;][et_pb_slide image=&#8221;https:\/\/sportsko-ribolovni-savez-vsz.hr\/wp-content\/uploads\/2020\/08\/logo-h300.png&#8221; use_bg_overlay=&#8221;on&#8221; bg_overlay_color=&#8221;rgba(34,101,48,0.6)&#8221; admin_title=&#8221;Prvi&#8221; _builder_version=&#8221;4.5.7&#8243; _module_preset=&#8221;default&#8221; background_enable_color=&#8221;off&#8221; background_image=&#8221;https:\/\/sportsko-ribolovni-savez-vsz.hr\/wp-content\/uploads\/2020\/08\/fullsize-slider.jpg&#8221; background_enable_image=&#8221;on&#8221;]<\/p>\n<h1>\u0160portsko ribolovni savez<br \/>Vukovarsko srijemske \u017eupanije<\/h1>\n<p>[\/et_pb_slide][et_pb_slide image=&#8221;https:\/\/sportsko-ribolovni-savez-vsz.hr\/wp-content\/uploads\/2020\/08\/logo-h300.png&#8221; use_bg_overlay=&#8221;on&#8221; bg_overlay_color=&#8221;rgba(34,101,48,0.6)&#8221; admin_title=&#8221;Drugi&#8221; _builder_version=&#8221;4.5.7&#8243; _module_preset=&#8221;default&#8221; background_enable_color=&#8221;off&#8221; background_image=&#8221;https:\/\/sportsko-ribolovni-savez-vsz.hr\/wp-content\/uploads\/2020\/08\/ribicki-pribor.jpg&#8221; background_enable_image=&#8221;on&#8221; background_position=&#8221;top_center&#8221;]<\/p>\n<h1>\u0160portsko ribolovni savez<br \/>Vukovarsko srijemske \u017eupanije<\/h1>\n<p>[\/et_pb_slide][\/et_pb_fullwidth_slider][\/et_pb_section][et_pb_section fb_built=&#8221;1&#8243; admin_label=&#8221;Blog&#8221; module_class=&#8221;article-white&#8221; _builder_version=&#8221;4.5.7&#8243; background_color=&#8221;#f5f5f5&#8243; custom_padding=&#8221;|||&#8221;][et_pb_row column_structure=&#8221;2_3,1_3&#8243; admin_label=&#8221;Blog&#8221; _builder_version=&#8221;4.5.7&#8243; custom_margin=&#8221;|auto|-263px|auto||&#8221; custom_padding=&#8221;||110px|||&#8221;][et_pb_column type=&#8221;2_3&#8243; _builder_version=&#8221;4.5.7&#8243; custom_padding=&#8221;|||&#8221; custom_padding__hover=&#8221;|||&#8221;][et_pb_blog posts_number=&#8221;3&#8243; show_content=&#8221;on&#8221; _builder_version=&#8221;4.5.7&#8243; max_width=&#8221;95.7%&#8221;][\/et_pb_blog][\/et_pb_column][et_pb_column type=&#8221;1_3&#8243; _builder_version=&#8221;3.25&#8243; custom_padding=&#8221;|||&#8221; custom_padding__hover=&#8221;|||&#8221;][et_pb_sidebar _builder_version=&#8221;4.5.7&#8243; width=&#8221;100%&#8221; custom_margin=&#8221;|-178px||-37px||&#8221; custom_padding=&#8221;|||0px||&#8221;][\/et_pb_sidebar][\/et_pb_column][\/et_pb_row][\/et_pb_section][et_pb_section fb_built=&#8221;1&#8243; admin_label=&#8221;Footer&#8221; _builder_version=&#8221;4.5.7&#8243; background_color=&#8221;#226530&#8243; use_background_color_gradient=&#8221;on&#8221; background_color_gradient_start=&#8221;rgba(34,101,48,0.9)&#8221; background_color_gradient_end=&#8221;rgba(34,101,48,0.9)&#8221; background_color_gradient_start_position=&#8221;5%&#8221; background_color_gradient_overlays_image=&#8221;on&#8221; background_image=&#8221;https:\/\/sportsko-ribolovni-savez-vsz.hr\/wp-content\/uploads\/2020\/08\/ribicki-pribor.jpg&#8221; background_position=&#8221;bottom_center&#8221; min_height=&#8221;199px&#8221; custom_margin=&#8221;1px|||||&#8221; custom_padding=&#8221;4.4%||3%||false|false&#8221; top_divider_style=&#8221;slant&#8221; top_divider_color=&#8221;#F5F5F5&#8243; top_divider_flip=&#8221;horizontal&#8221; bottom_divider_flip=&#8221;horizontal&#8221; global_module=&#8221;38&#8243; saved_tabs=&#8221;all&#8221; locked=&#8221;off&#8221;][et_pb_row column_structure=&#8221;1_6,1_6,1_6,1_6,1_6,1_6&#8243; admin_label=&#8221;Row&#8221; _builder_version=&#8221;4.5.7&#8243; width=&#8221;100%&#8221; custom_margin=&#8221;|217px||auto||&#8221; custom_padding=&#8221;100px||||false|false&#8221; locked=&#8221;off&#8221;][et_pb_column type=&#8221;1_6&#8243; _builder_version=&#8221;3.25&#8243; custom_padding=&#8221;|||&#8221; custom_padding__hover=&#8221;|||&#8221;][et_pb_text admin_label=&#8221;Subtitle&#8221; _builder_version=&#8221;4.5.7&#8243; _module_preset=&#8221;default&#8221; header_font=&#8221;||||||||&#8221; header_3_text_color=&#8221;#F5F61C&#8221; custom_margin=&#8221;||0px||false|false&#8221;]<\/p>\n<h3>O nama<\/h3>\n<p>[\/et_pb_text][et_pb_text admin_label=&#8221;Text&#8221; _builder_version=&#8221;4.5.7&#8243; _module_preset=&#8221;default&#8221; text_text_color=&#8221;#ffffff&#8221; header_text_color=&#8221;#ffffff&#8221; width=&#8221;166%&#8221; custom_margin=&#8221;|-2019px||-2px||&#8221; custom_padding=&#8221;|0px||1px||&#8221;]<\/p>\n<p>\u0160portsko ribolovni savez<br \/> Vukovarsko-srijemske \u017eupanije<br \/> Duga 64<br \/> 32100 Vinkovci<\/p>\n<p>[\/et_pb_text][\/et_pb_column][et_pb_column type=&#8221;1_6&#8243; _builder_version=&#8221;4.5.7&#8243; _module_preset=&#8221;default&#8221;][et_pb_text admin_label=&#8221;Subtitle&#8221; _builder_version=&#8221;4.5.7&#8243; _module_preset=&#8221;default&#8221; header_font=&#8221;||||||||&#8221; header_3_text_color=&#8221;#F5F61C&#8221; width=&#8221;100%&#8221; max_width=&#8221;100%&#8221; custom_margin=&#8221;0px||0px|34px|false|false&#8221;]<\/p>\n<h3>Kontakt<\/h3>\n<p>[\/et_pb_text][et_pb_text _builder_version=&#8221;4.5.7&#8243; _module_preset=&#8221;default&#8221; text_text_color=&#8221;#ffffff&#8221; header_text_color=&#8221;#ffffff&#8221; custom_margin=&#8221;|-154px|40px|33px||&#8221; custom_padding=&#8221;|0px||||&#8221; hover_enabled=&#8221;0&#8243;]<\/p>\n<p>e-mail: ribolovnisavez.vk@gmail.com<br \/>Predsjednik: 099 510 6601<br \/>Tajnik: 098 287 145<br \/>Ribo\u010duvarska slu\u017eba: 099 529 1358 \/ 098 975 7265<\/p>\n<p>[\/et_pb_text][\/et_pb_column][et_pb_column type=&#8221;1_6&#8243; _builder_version=&#8221;3.25&#8243; custom_padding=&#8221;|||&#8221; custom_padding__hover=&#8221;|||&#8221;][\/et_pb_column][et_pb_column type=&#8221;1_6&#8243; _builder_version=&#8221;4.5.7&#8243; _module_preset=&#8221;default&#8221;][et_pb_text admin_label=&#8221;Subtitle&#8221; _builder_version=&#8221;4.5.7&#8243; _module_preset=&#8221;default&#8221; header_font=&#8221;||||||||&#8221; header_3_text_color=&#8221;#F5F61C&#8221; width=&#8221;100%&#8221; custom_margin=&#8221;||0px|159px|false|false&#8221;]<\/p>\n<h3>Savez<\/h3>\n<p>[\/et_pb_text][et_pb_text _builder_version=&#8221;4.5.7&#8243; _module_preset=&#8221;default&#8221; text_text_color=&#8221;#ffffff&#8221; header_text_color=&#8221;#ffffff&#8221; width=&#8221;151%&#8221; max_width=&#8221;2100px&#8221; custom_margin=&#8221;|8px||159px|false|false&#8221; custom_padding=&#8221;|0px||||&#8221; hover_enabled=&#8221;0&#8243;]<\/p>\n<p>Predsjednik: Zlatko Koba\u0161evi\u0107<br \/> Dopredsjednik: Mario Bera\u0107<br \/> Tajnik: Igor Ba\u0161aragin<\/p>\n<p>[\/et_pb_text][\/et_pb_column][et_pb_column type=&#8221;1_6&#8243; _builder_version=&#8221;3.25&#8243; custom_padding=&#8221;|||&#8221; custom_padding__hover=&#8221;|||&#8221;][\/et_pb_column][et_pb_column type=&#8221;1_6&#8243; _builder_version=&#8221;3.25&#8243; custom_padding=&#8221;|||&#8221; custom_padding__hover=&#8221;|||&#8221;][et_pb_text admin_label=&#8221;Subtitle&#8221; _builder_version=&#8221;4.5.7&#8243; _module_preset=&#8221;default&#8221; header_font=&#8221;||||||||&#8221; header_3_text_color=&#8221;#F5F61C&#8221; custom_margin=&#8221;||0px||false|false&#8221;]<\/p>\n<h3>Op\u0107i podaci<\/h3>\n<p>[\/et_pb_text][et_pb_text _builder_version=&#8221;4.5.7&#8243; _module_preset=&#8221;default&#8221; text_text_color=&#8221;#ffffff&#8221; header_text_color=&#8221;#ffffff&#8221; custom_margin=&#8221;|-84px||||&#8221;]<\/p>\n<p>MB: 1186388<br \/>OIB: 70451926565<br \/>IBAN: HR8123400091100174129<\/p>\n<p>[\/et_pb_text][\/et_pb_column][\/et_pb_row][et_pb_row column_structure=&#8221;3_4,1_4&#8243; _builder_version=&#8221;4.5.7&#8243; _module_preset=&#8221;default&#8221; collapsed=&#8221;off&#8221;][et_pb_column type=&#8221;3_4&#8243; _builder_version=&#8221;4.5.7&#8243; _module_preset=&#8221;default&#8221;][et_pb_text admin_label=&#8221;Text&#8221; _builder_version=&#8221;4.5.7&#8243; _module_preset=&#8221;default&#8221; text_text_color=&#8221;#ffffff&#8221;]<\/p>\n<p>Copyright \u00a9 2020 \u0160portski Ribolovni Savez VS\u017d. Sva prava pridr\u017eana.<\/p>\n<p>[\/et_pb_text][\/et_pb_column][et_pb_column type=&#8221;1_4&#8243; _builder_version=&#8221;4.5.7&#8243; _module_preset=&#8221;default&#8221;][et_pb_text _builder_version=&#8221;4.5.7&#8243; _module_preset=&#8221;default&#8221;]<\/p>\n<p><a class=\"footer-link\" href=\"https:\/\/sportsko-ribolovni-savez-vsz.hr\/?page_id=3\"><span style=\"text-decoration: underline;\">Politika privatnosti<\/span><\/a><\/p>\n<p>[\/et_pb_text][\/et_pb_column][\/et_pb_row][\/et_pb_section]<\/p>\n","protected":false},"excerpt":{"rendered":"<p>[et_pb_section fb_built=&#8221;1&#8243; fullwidth=&#8221;on&#8221; next_background_color=&#8221;#f5f5f5&#8243; _builder_version=&#8221;4.5.7&#8243; background_color=&#8221;rgba(0,0,0,0)&#8221; bottom_divider_style=&#8221;slant&#8221; bottom_divider_flip=&#8221;horizontal&#8221;][et_pb_fullwidth_slider dot_nav_custom_color=&#8221;rgba(0,0,0,0)&#8221; _builder_version=&#8221;4.5.7&#8243; _module_preset=&#8221;default&#8221; background_color=&#8221;rgba(0,0,0,0)&#8221; auto=&#8221;on&#8221;][et_pb_slide image=&#8221;https:\/\/sportsko-ribolovni-savez-vsz.hr\/wp-content\/uploads\/2020\/08\/logo-h300.png&#8221; use_bg_overlay=&#8221;on&#8221; bg_overlay_color=&#8221;rgba(34,101,48,0.6)&#8221; admin_title=&#8221;Prvi&#8221; _builder_version=&#8221;4.5.7&#8243; _module_preset=&#8221;default&#8221; background_enable_color=&#8221;off&#8221; background_image=&#8221;https:\/\/sportsko-ribolovni-savez-vsz.hr\/wp-content\/uploads\/2020\/08\/fullsize-slider.jpg&#8221; background_enable_image=&#8221;on&#8221;] \u0160portsko ribolovni savezVukovarsko srijemske \u017eupanije [\/et_pb_slide][et_pb_slide image=&#8221;https:\/\/sportsko-ribolovni-savez-vsz.hr\/wp-content\/uploads\/2020\/08\/logo-h300.png&#8221; use_bg_overlay=&#8221;on&#8221; bg_overlay_color=&#8221;rgba(34,101,48,0.6)&#8221; admin_title=&#8221;Drugi&#8221; _builder_version=&#8221;4.5.7&#8243; _module_preset=&#8221;default&#8221; background_enable_color=&#8221;off&#8221; background_image=&#8221;https:\/\/sportsko-ribolovni-savez-vsz.hr\/wp-content\/uploads\/2020\/08\/ribicki-pribor.jpg&#8221; background_enable_image=&#8221;on&#8221; background_position=&#8221;top_center&#8221;] \u0160portsko ribolovni savezVukovarsko srijemske \u017eupanije [\/et_pb_slide][\/et_pb_fullwidth_slider][\/et_pb_section][et_pb_section fb_built=&#8221;1&#8243; admin_label=&#8221;Blog&#8221; module_class=&#8221;article-white&#8221; _builder_version=&#8221;4.5.7&#8243; background_color=&#8221;#f5f5f5&#8243; custom_padding=&#8221;|||&#8221;][et_pb_row column_structure=&#8221;2_3,1_3&#8243; admin_label=&#8221;Blog&#8221; _builder_version=&#8221;4.5.7&#8243; custom_margin=&#8221;|auto|-263px|auto||&#8221; custom_padding=&#8221;||110px|||&#8221;][et_pb_column [&hellip;]<\/p>\n","protected":false},"author":1,"featured_media":0,"parent":0,"menu_order":0,"comment_status":"closed","ping_status":"closed","template":"","meta":{"_et_pb_use_builder":"on","_et_pb_old_content":"","_et_gb_content_width":""},"_links":{"self":[{"href":"https:\/\/sportsko-ribolovni-savez-vsz.hr\/index.php?rest_route=\/wp\/v2\/pages\/8"}],"collection":[{"href":"https:\/\/sportsko-ribolovni-savez-vsz.hr\/index.php?rest_route=\/wp\/v2\/pages"}],"about":[{"href":"https:\/\/sportsko-ribolovni-savez-vsz.hr\/index.php?rest_route=\/wp\/v2\/types\/page"}],"author":[{"embeddable":true,"href":"https:\/\/sportsko-ribolovni-savez-vsz.hr\/index.php?rest_route=\/wp\/v2\/users\/1"}],"replies":[{"embeddable":true,"href":"https:\/\/sportsko-ribolovni-savez-vsz.hr\/index.php?rest_route=%2Fwp%2Fv2%2Fcomments&post=8"}],"version-history":[{"count":48,"href":"https:\/\/sportsko-ribolovni-savez-vsz.hr\/index.php?rest_route=\/wp\/v2\/pages\/8\/revisions"}],"predecessor-version":[{"id":1681,"href":"https:\/\/sportsko-ribolovni-savez-vsz.hr\/index.php?rest_route=\/wp\/v2\/pages\/8\/revisions\/1681"}],"wp:attachment":[{"href":"https:\/\/sportsko-ribolovni-savez-vsz.hr\/index.php?rest_route=%2Fwp%2Fv2%2Fmedia&parent=8"}],"curies":[{"name":"wp","href":"https:\/\/api.w.org\/{rel}","templated":true}]}}